{"id":1246,"date":"2024-06-20T15:35:53","date_gmt":"2024-06-20T15:35:53","guid":{"rendered":"https:\/\/gutachter-bsv.de\/?page_id=1246"},"modified":"2024-06-21T21:29:19","modified_gmt":"2024-06-21T21:29:19","slug":"impressum","status":"publish","type":"page","link":"https:\/\/gutachter-bsv.de\/index.php\/impressum\/","title":{"rendered":"Impressum"},"content":{"rendered":"\t\t<div data-elementor-type=\"wp-page\" data-elementor-id=\"1246\" class=\"elementor elementor-1246\" data-elementor-post-type=\"page\">\n\t\t\t\t<div class=\"elementor-element elementor-element-525be8a7 e-flex e-con-boxed e-con e-parent\" data-id=\"525be8a7\" data-element_type=\"container\">\n\t\t\t\t\t<div class=\"e-con-inner\">\n\t\t\t\t<div class=\"elementor-element elementor-element-5983a565 elementor-widget elementor-widget-heading\" data-id=\"5983a565\" data-element_type=\"widget\" data-widget_type=\"heading.default\">\n\t\t\t\t<div class=\"elementor-widget-container\">\n\t\t\t<style>\/*! elementor - v3.23.0 - 15-07-2024 *\/\n.elementor-heading-title{padding:0;margin:0;line-height:1}.elementor-widget-heading .elementor-heading-title[class*=elementor-size-]>a{color:inherit;font-size:inherit;line-height:inherit}.elementor-widget-heading .elementor-heading-title.elementor-size-small{font-size:15px}.elementor-widget-heading .elementor-heading-title.elementor-size-medium{font-size:19px}.elementor-widget-heading .elementor-heading-title.elementor-size-large{font-size:29px}.elementor-widget-heading .elementor-heading-title.elementor-size-xl{font-size:39px}.elementor-widget-heading .elementor-heading-title.elementor-size-xxl{font-size:59px}<\/style><h1 class=\"elementor-heading-title elementor-size-default\">Impressum<\/h1>\t\t<\/div>\n\t\t\t\t<\/div>\n\t\t\t\t\t<\/div>\n\t\t\t\t<\/div>\n\t\t<div class=\"elementor-element elementor-element-3ee9d78 e-con-full e-flex e-con e-parent\" data-id=\"3ee9d78\" data-element_type=\"container\">\n\t\t\t\t<div class=\"elementor-element elementor-element-354a6f2 elementor-widget elementor-widget-text-editor\" data-id=\"354a6f2\" data-element_type=\"widget\" data-widget_type=\"text-editor.default\">\n\t\t\t\t<div class=\"elementor-widget-container\">\n\t\t\t<style>\/*! elementor - v3.23.0 - 15-07-2024 *\/\n.elementor-widget-text-editor.elementor-drop-cap-view-stacked .elementor-drop-cap{background-color:#69727d;color:#fff}.elementor-widget-text-editor.elementor-drop-cap-view-framed .elementor-drop-cap{color:#69727d;border:3px solid;background-color:transparent}.elementor-widget-text-editor:not(.elementor-drop-cap-view-default) .elementor-drop-cap{margin-top:8px}.elementor-widget-text-editor:not(.elementor-drop-cap-view-default) .elementor-drop-cap-letter{width:1em;height:1em}.elementor-widget-text-editor .elementor-drop-cap{float:left;text-align:center;line-height:1;font-size:50px}.elementor-widget-text-editor .elementor-drop-cap-letter{display:inline-block}<\/style>\t\t\t\t<div id=\"main-wrapper\" class=\"section\"><div class=\"container\" role=\"main\"><div class=\"flex-row row column-content-wrapper\"><div id=\"content\" class=\"col-12 article-container\"><article id=\"page-486\" class=\"post-486 page type-page status-publish czr-hentry\"><div class=\"post-entry tc-content-inner\"><section class=\"post-content entry-content \"><div class=\"czr-wp-the-content\"><p style=\"text-align: left;\"><strong>Impressum<\/strong><br \/>Angaben gem\u00e4\u00df \u00a7 5 TMG:<\/p><p style=\"text-align: left;\">Nidal Bensalen<br \/>Marktplatz 1<br \/>69126 Heidelberg<\/p><p style=\"text-align: left;\"><strong>Kontakt:<\/strong><br \/>Telefon: 015566 450993<br \/>E-Mail: kurpfalztaxi@web.de<\/p><p style=\"text-align: left;\"><strong>Haftungsausschluss (Disclaimer)<\/strong><br \/><strong>Haftung f\u00fcr Inhalte<\/strong><br \/>Als Diensteanbieter sind wir gem\u00e4\u00df \u00a7 7 Abs.1 TMG f\u00fcr eigene Inhalte auf diesen Seiten nach den allgemeinen<br \/>Gesetzen verantwortlich. Nach \u00a7\u00a7 8 bis 10 TMG sind wir als Diensteanbieter jedoch nicht verpflichtet,<br \/>\u00fcbermittelte oder gespeicherte fremde Informationen zu \u00fcberwachen oder nach Umst\u00e4nden zu forschen, die auf<br \/>eine rechtswidrige T\u00e4tigkeit hinweisen. Verpflichtungen zur Entfernung oder Sperrung der Nutzung von<br \/>Informationen nach den allgemeinen Gesetzen bleiben hiervon unber\u00fchrt. Eine diesbez\u00fcgliche Haftung ist<br \/>jedoch erst ab dem Zeitpunkt der Kenntnis einer konkreten Rechtsverletzung m\u00f6glich. Bei Bekanntwerden von<br \/>entsprechenden Rechtsverletzungen werden wir diese Inhalte umgehend entfernen.<\/p><p style=\"text-align: left;\"><strong>Haftung f\u00fcr Links<\/strong><br \/>Unser Angebot enth\u00e4lt Links zu externen Webseiten Dritter, auf deren Inhalte wir keinen Einfluss haben.<br \/>Deshalb k\u00f6nnen wir f\u00fcr diese fremden Inhalte auch keine Gew\u00e4hr \u00fcbernehmen. F\u00fcr die Inhalte der verlinkten<br \/>Seiten ist stets der jeweilige Anbieter oder Betreiber der Seiten verantwortlich. Die verlinkten Seiten wurden zum<br \/>Zeitpunkt der Verlinkung auf m\u00f6gliche Rechtsverst\u00f6\u00dfe \u00fcberpr\u00fcft. Rechtswidrige Inhalte waren zum Zeitpunkt der<br \/>Verlinkung nicht erkennbar. Eine permanente inhaltliche Kontrolle der verlinkten Seiten ist jedoch ohne konkrete<br \/>Anhaltspunkte einer Rechtsverletzung nicht zumutbar. Bei Bekanntwerden von Rechtsverletzungen werden wirderartige Links umgehend entfernen.<\/p><p style=\"text-align: left;\"><strong>Urheberrecht<\/strong><br \/>Die durch die Seitenbetreiber erstellten Inhalte und Werke auf diesen Seiten unterliegen dem deutschen<br \/>Urheberrecht. Die Vervielf\u00e4ltigung, Bearbeitung, Verbreitung und jede Art der Verwertung au\u00dferhalb der<br \/>Grenzen des Urheberrechtes bed\u00fcrfen der schriftlichen Zustimmung des jeweiligen Autors bzw. Erstellers.<br \/>Downloads und Kopien dieser Seite sind nur f\u00fcr den privaten, nicht kommerziellen Gebrauch gestattet. Soweit<br \/>die Inhalte auf dieser Seite nicht vom Betreiber erstellt wurden, werden die Urheberrechte Dritter beachtet.<br \/>Insbesondere werden Inhalte Dritter als solche gekennzeichnet. Sollten Sie trotzdem auf eine<br \/>Urheberrechtsverletzung aufmerksam werden, bitten wir um einen entsprechenden Hinweis. Bei Bekanntwerden<br \/>von Rechtsverletzungen werden wir derartige Inhalte umgehend entfernen<\/p><p style=\"text-align: left;\"><strong>Datenschutzerkl\u00e4rung WordPress.com-Stats<\/strong><\/p><p style=\"text-align: left;\">Diese Website benutzt WordPress.com-Stats, ein Tool zur statistischen Auswertung der Besucherzugriffe, betrieben von Automattic Inc., 60 29th Street #343, San Francisco, CA 94110-4929, USA, unter Einsatz der Trackingtechnologie von Quantcast Inc., 201 3rd St, Floor 2, San Francisco, CA 94103-3153, USA und comScore Inc., 11950 Democracy Drive, Suite 600 Reston, VA 20190, USA.. WordPress.com-Stats verwendet sog. \u201cCookies\u201d, Textdateien, die auf Ihrem Computer gespeichert werden und die eine Analyse der Benutzung der Website durch sie erm\u00f6glichen.<\/p><p style=\"text-align: left;\">Die durch die Cookies erzeugten Informationen \u00fcber Ihre Benutzung dieses Internetangebotes werden auf Servern in den USA gespeichert. Die IP-Adresse wird sofort nach der Verarbeitung und vor deren Speicherung anonymisiert. Sie k\u00f6nnen die Installation der Cookies durch eine entsprechende Einstellung Ihrer Browser-Software verhindern; wir weisen Sie jedoch darauf hin, dass Sie in diesem Fall gegebenenfalls nicht s\u00e4mtliche Funktionen dieser Website vollumf\u00e4nglich nutzen k\u00f6nnen. Sie k\u00f6nnen der Erhebung und Nutzung der Daten durch Quantcast mit Wirkung f\u00fcr die Zukunft widersprechen, indem Sie an dieser Stelle durch einen Klick auf den Link \u201cClick here to opt-out\u201d ein Opt-Out-Cookie in Ihrem Browser setzen: http:\/\/www.quantcast.com\/opt-out. Sie k\u00f6nnen der Erhebung und Nutzung der Daten durch comScore mit Wirkung f\u00fcr die Zukunft widersprechen, indem Sie an dieser Stelle ein Opt-Out-Cookie in Ihrem Browser setzen: http:\/\/www.scorecardresearch.com\/OptOutTag.aspx. Sollten Sie alle Cookies auf ihrem Rechner l\u00f6schen, m\u00fcssen sie die Opt-Out-Cookies erneut setzen.<\/p><\/div><\/section><\/div><\/article><\/div><\/div><\/div><\/div>\t\t\t\t\t\t<\/div>\n\t\t\t\t<\/div>\n\t\t\t\t<\/div>\n\t\t\t\t<\/div>\n\t\t","protected":false},"excerpt":{"rendered":"<p>Impressum ImpressumAngaben gem\u00e4\u00df \u00a7 5 TMG: Nidal BensalenMarktplatz 169126 Heidelberg Kontakt:Telefon: 015566 450993E-Mail: kurpfalztaxi@web.de Haftungsausschluss (Disclaimer)Haftung f\u00fcr InhalteAls Diensteanbieter sind wir gem\u00e4\u00df \u00a7 7 Abs.1 TMG f\u00fcr eigene Inhalte auf diesen Seiten nach den allgemeinenGesetzen verantwortlich. Nach \u00a7\u00a7 8 bis 10 TMG sind wir als Diensteanbieter jedoch nicht verpflichtet,\u00fcbermittelte oder gespeicherte fremde Informationen zu \u00fcberwachen [&hellip;]<\/p>\n","protected":false},"author":1,"featured_media":0,"parent":0,"menu_order":0,"comment_status":"closed","ping_status":"closed","template":"","meta":{"footnotes":""},"class_list":["post-1246","page","type-page","status-publish","hentry"],"_links":{"self":[{"href":"https:\/\/gutachter-bsv.de\/index.php\/wp-json\/wp\/v2\/pages\/1246","targetHints":{"allow":["GET"]}}],"collection":[{"href":"https:\/\/gutachter-bsv.de\/index.php\/wp-json\/wp\/v2\/pages"}],"about":[{"href":"https:\/\/gutachter-bsv.de\/index.php\/wp-json\/wp\/v2\/types\/page"}],"author":[{"embeddable":true,"href":"https:\/\/gutachter-bsv.de\/index.php\/wp-json\/wp\/v2\/users\/1"}],"replies":[{"embeddable":true,"href":"https:\/\/gutachter-bsv.de\/index.php\/wp-json\/wp\/v2\/comments?post=1246"}],"version-history":[{"count":25,"href":"https:\/\/gutachter-bsv.de\/index.php\/wp-json\/wp\/v2\/pages\/1246\/revisions"}],"predecessor-version":[{"id":1289,"href":"https:\/\/gutachter-bsv.de\/index.php\/wp-json\/wp\/v2\/pages\/1246\/revisions\/1289"}],"wp:attachment":[{"href":"https:\/\/gutachter-bsv.de\/index.php\/wp-json\/wp\/v2\/media?parent=1246"}],"curies":[{"name":"wp","href":"https:\/\/api.w.org\/{rel}","templated":true}]}}